{"id":1052,"date":"2023-01-18T11:57:52","date_gmt":"2023-01-18T10:57:52","guid":{"rendered":"http:\/\/wp13941888.server-he.de\/hochseilpark\/high-ropes-park-saalbach\/infos\/stellenangebote\/"},"modified":"2025-03-20T17:49:37","modified_gmt":"2025-03-20T16:49:37","slug":"jobs","status":"publish","type":"page","link":"https:\/\/www.hochseilpark.at\/en\/high-ropes-park-saalbach\/infos\/jobs\/","title":{"rendered":"Stellenangebote"},"content":{"rendered":"<section class=\"l-section wpb_row us_custom_eccfab33 height_medium width_full with_img\"><div class=\"l-section-img\" data-img-width=\"1200\" data-img-height=\"800\" style=\"background-image: url(https:\/\/www.hochseilpark.at\/wp-content\/uploads\/Stellenangebot3.jpg);\"><\/div><div class=\"l-section-h i-cf\"><div class=\"g-cols vc_row via_grid cols_1 laptops-cols_inherit tablets-cols_inherit mobiles-cols_1 valign_top type_default stacking_default\"><div class=\"wpb_column vc_column_container\"><div class=\"vc_column-inner\"><div class=\"w-image us_custom_793130ea align_none\"><div class=\"w-image-h\"><img loading=\"lazy\" decoding=\"async\" width=\"300\" height=\"121\" src=\"https:\/\/www.hochseilpark.at\/wp-content\/uploads\/seeham.png\" class=\"attachment-large size-large\" alt=\"Logo High Ropes Park Seeham\" srcset=\"https:\/\/www.hochseilpark.at\/wp-content\/uploads\/seeham.png 300w, https:\/\/www.hochseilpark.at\/wp-content\/uploads\/seeham-150x61.png 150w\" sizes=\"auto, (max-width: 300px) 100vw, 300px\" \/><\/div><\/div><\/div><\/div><\/div><\/div><\/section><section class=\"l-section wpb_row height_small\"><div class=\"l-section-h i-cf\"><div class=\"g-cols vc_row via_grid cols_2-1 laptops-cols_inherit tablets-cols_inherit mobiles-cols_1 valign_top type_default stacking_default\"><div class=\"wpb_column vc_column_container\"><div class=\"vc_column-inner\"><div class=\"wpb_text_column\"><div class=\"wpb_wrapper\"><h1>Stellenangebote<\/h1>\n<h2 class=\"csc-firstHeader\">Hast du Lust auf einen abwechslungsreichen Outdoor &#8211; Job?<\/h2>\n<p><strong><br \/>\nWir bieten<br \/>\n<\/strong>die M\u00f6glichkeit auf einen tollen Saisonjob (geringf\u00fcgig, fest angestellt oder als Freelancer!)<\/p>\n<p><strong>Voraussetzungen<\/strong><br \/>\nDu bist kontaktfreudig, sportlich, flexibel, zuverl\u00e4ssig, freundlich, sportlich und arbeitest gerne in einem jungen Team?<br \/>\nDann haben wir genau das Richtige f\u00fcr Dich!<\/p>\n<p><strong>Aufgaben<\/strong><br \/>\nBetreuung der Hochseilparkbesucher, Firmenkunden und Schulveranstaltungen.<br \/>\nDazu geh\u00f6ren die Betreuung der G\u00e4ste, Ausgabe der Kletterausr\u00fcstung, die Durchf\u00fchrung der Sicherheitseinweisung; die Anleitung von Schulveranstaltungen, die Mitarbeit bei Firmenevents, sowie die Arbeit in Aufsichts- und Rettungsfunktionen.<\/p>\n<p class=\"font_9\">Wir freuen uns auf Deine Kontaktaufnahme!<\/p>\n<p class=\"font_9\">Dieses Angebot richtet sich an M\u00e4nner und Frauen<\/p>\n<\/div><\/div><\/div><\/div><div class=\"wpb_column vc_column_container\"><div class=\"vc_column-inner\"><div class=\"w-image align_none\"><div class=\"w-image-h\"><img loading=\"lazy\" decoding=\"async\" width=\"1024\" height=\"683\" src=\"https:\/\/www.hochseilpark.at\/wp-content\/uploads\/Stellenangebot1-1024x683.jpg\" class=\"attachment-large size-large\" alt=\"Groups High Ropes Park Saalbach\" srcset=\"https:\/\/www.hochseilpark.at\/wp-content\/uploads\/Stellenangebot1-1024x683.jpg 1024w, https:\/\/www.hochseilpark.at\/wp-content\/uploads\/Stellenangebot1-300x200.jpg 300w, https:\/\/www.hochseilpark.at\/wp-content\/uploads\/Stellenangebot1-150x100.jpg 150w, https:\/\/www.hochseilpark.at\/wp-content\/uploads\/Stellenangebot1.jpg 1200w\" sizes=\"auto, (max-width: 1024px) 100vw, 1024px\" \/><\/div><\/div><div class=\"w-image us_custom_030366c9 align_none\"><div class=\"w-image-h\"><img loading=\"lazy\" decoding=\"async\" width=\"1024\" height=\"683\" src=\"https:\/\/www.hochseilpark.at\/wp-content\/uploads\/Stellenangebot2-1024x683.jpg\" class=\"attachment-large size-large\" alt=\"Training High Ropes Park Saalbach\" srcset=\"https:\/\/www.hochseilpark.at\/wp-content\/uploads\/Stellenangebot2-1024x683.jpg 1024w, https:\/\/www.hochseilpark.at\/wp-content\/uploads\/Stellenangebot2-300x200.jpg 300w, https:\/\/www.hochseilpark.at\/wp-content\/uploads\/Stellenangebot2-150x100.jpg 150w, https:\/\/www.hochseilpark.at\/wp-content\/uploads\/Stellenangebot2.jpg 1200w\" sizes=\"auto, (max-width: 1024px) 100vw, 1024px\" \/><\/div><\/div><div class=\"w-image align_none\"><div class=\"w-image-h\"><img loading=\"lazy\" decoding=\"async\" width=\"1024\" height=\"683\" src=\"https:\/\/www.hochseilpark.at\/wp-content\/uploads\/Canyoning7-1024x683.jpg\" class=\"attachment-large size-large\" alt=\"Adventuresport Canyoning Saalbach\" srcset=\"https:\/\/www.hochseilpark.at\/wp-content\/uploads\/Canyoning7-1024x683.jpg 1024w, https:\/\/www.hochseilpark.at\/wp-content\/uploads\/Canyoning7-300x200.jpg 300w, https:\/\/www.hochseilpark.at\/wp-content\/uploads\/Canyoning7-150x100.jpg 150w, https:\/\/www.hochseilpark.at\/wp-content\/uploads\/Canyoning7.jpg 1200w\" sizes=\"auto, (max-width: 1024px) 100vw, 1024px\" \/><\/div><\/div><\/div><\/div><\/div><\/div><\/section><section class=\"l-section wpb_row height_medium\"><div class=\"l-section-h i-cf\"><div class=\"g-cols vc_row via_grid cols_2 laptops-cols_inherit tablets-cols_inherit mobiles-cols_1 valign_top type_default stacking_default\"><div class=\"wpb_column vc_column_container\"><div class=\"vc_column-inner\"><div class=\"w-message us_custom_d14818f6 color_green\"><div class=\"w-message-body\"><h2 class=\"csc-firstHeader\">Offene Stellen Hochseilpark Saalbach?<\/h2>\n<p>&#8211; Hochseilpark Trainer<br \/>\n&#8211; Canyoningguide<\/p>\n<\/div><\/div><\/div><\/div><div class=\"wpb_column vc_column_container\"><div class=\"vc_column-inner\"><div class=\"w-message us_custom_d14818f6 color_green\"><div class=\"w-message-body\"><h2 class=\"csc-firstHeader\">Offene Stellen Hochseilpark Seeham?<\/h2>\n<p>&#8211; Hochseilpark Trainer<\/p>\n<\/div><\/div><\/div><\/div><\/div><\/div><\/section>\n","protected":false},"excerpt":{"rendered":"Stellenangebote Hast du Lust auf einen abwechslungsreichen Outdoor &#8211; Job? Wir bieten die M\u00f6glichkeit auf einen tollen Saisonjob (geringf\u00fcgig, fest angestellt oder als Freelancer!) Voraussetzungen Du bist kontaktfreudig, sportlich, flexibel, zuverl\u00e4ssig, freundlich, sportlich und arbeitest gerne in einem jungen Team? Dann haben wir genau das Richtige f\u00fcr Dich! Aufgaben Betreuung der Hochseilparkbesucher, Firmenkunden und Schulveranstaltungen....","protected":false},"author":1,"featured_media":0,"parent":1031,"menu_order":0,"comment_status":"closed","ping_status":"closed","template":"","meta":{"footnotes":""},"class_list":["post-1052","page","type-page","status-publish","hentry"],"yoast_head":"<!-- This site is optimized with the Yoast SEO plugin v27.4 - https:\/\/yoast.com\/product\/yoast-seo-wordpress\/ -->\n<title>Jobs offers - High Ropes Park Saalbach Hinterglemm<\/title>\n<meta name=\"description\" content=\"Would you like to work in Austria? We offer an interesting and varied outdoor job! Accommodation available if required.\" \/>\n<meta name=\"robots\" content=\"index, follow, max-snippet:-1, max-image-preview:large, max-video-preview:-1\" \/>\n<link rel=\"canonical\" href=\"https:\/\/www.hochseilpark.at\/en\/high-ropes-park-saalbach\/infos\/jobs\/\" \/>\n<meta property=\"og:locale\" content=\"en_US\" \/>\n<meta property=\"og:type\" content=\"article\" \/>\n<meta property=\"og:title\" content=\"Jobs offers - High Ropes Park Saalbach Hinterglemm\" \/>\n<meta property=\"og:description\" content=\"Would you like to work in Austria? We offer an interesting and varied outdoor job! Accommodation available if required.\" \/>\n<meta property=\"og:url\" content=\"https:\/\/www.hochseilpark.at\/en\/high-ropes-park-saalbach\/infos\/jobs\/\" \/>\n<meta property=\"og:site_name\" content=\"Hochseilpark\" \/>\n<meta property=\"article:modified_time\" content=\"2025-03-20T16:49:37+00:00\" \/>\n<meta name=\"twitter:card\" content=\"summary_large_image\" \/>\n<meta name=\"twitter:label1\" content=\"Est. reading time\" \/>\n\t<meta name=\"twitter:data1\" content=\"1 minute\" \/>\n<script type=\"application\/ld+json\" class=\"yoast-schema-graph\">{\"@context\":\"https:\\\/\\\/schema.org\",\"@graph\":[{\"@type\":\"WebPage\",\"@id\":\"https:\\\/\\\/www.hochseilpark.at\\\/en\\\/high-ropes-park-saalbach\\\/infos\\\/jobs\\\/\",\"url\":\"https:\\\/\\\/www.hochseilpark.at\\\/en\\\/high-ropes-park-saalbach\\\/infos\\\/jobs\\\/\",\"name\":\"Jobs offers - High Ropes Park Saalbach Hinterglemm\",\"isPartOf\":{\"@id\":\"https:\\\/\\\/www.hochseilpark.at\\\/en\\\/#website\"},\"datePublished\":\"2023-01-18T10:57:52+00:00\",\"dateModified\":\"2025-03-20T16:49:37+00:00\",\"description\":\"Would you like to work in Austria? We offer an interesting and varied outdoor job! Accommodation available if required.\",\"breadcrumb\":{\"@id\":\"https:\\\/\\\/www.hochseilpark.at\\\/en\\\/high-ropes-park-saalbach\\\/infos\\\/jobs\\\/#breadcrumb\"},\"inLanguage\":\"en-US\",\"potentialAction\":[{\"@type\":\"ReadAction\",\"target\":[\"https:\\\/\\\/www.hochseilpark.at\\\/en\\\/high-ropes-park-saalbach\\\/infos\\\/jobs\\\/\"]}]},{\"@type\":\"BreadcrumbList\",\"@id\":\"https:\\\/\\\/www.hochseilpark.at\\\/en\\\/high-ropes-park-saalbach\\\/infos\\\/jobs\\\/#breadcrumb\",\"itemListElement\":[{\"@type\":\"ListItem\",\"position\":1,\"name\":\"Startseite\",\"item\":\"https:\\\/\\\/www.hochseilpark.at\\\/en\\\/\"},{\"@type\":\"ListItem\",\"position\":2,\"name\":\"Allgemeine Infos &#8211; Saalbach (EN)\",\"item\":\"https:\\\/\\\/www.hochseilpark.at\\\/en\\\/high-ropes-park-saalbach\\\/\"},{\"@type\":\"ListItem\",\"position\":3,\"name\":\"weitere Infos Saalbach\",\"item\":\"https:\\\/\\\/www.hochseilpark.at\\\/en\\\/high-ropes-park-saalbach\\\/infos\\\/\"},{\"@type\":\"ListItem\",\"position\":4,\"name\":\"Stellenangebote\"}]},{\"@type\":\"WebSite\",\"@id\":\"https:\\\/\\\/www.hochseilpark.at\\\/en\\\/#website\",\"url\":\"https:\\\/\\\/www.hochseilpark.at\\\/en\\\/\",\"name\":\"Hochseilpark\",\"description\":\"\",\"potentialAction\":[{\"@type\":\"SearchAction\",\"target\":{\"@type\":\"EntryPoint\",\"urlTemplate\":\"https:\\\/\\\/www.hochseilpark.at\\\/en\\\/?s={search_term_string}\"},\"query-input\":{\"@type\":\"PropertyValueSpecification\",\"valueRequired\":true,\"valueName\":\"search_term_string\"}}],\"inLanguage\":\"en-US\"}]}<\/script>\n<!-- \/ Yoast SEO plugin. -->","yoast_head_json":{"title":"Jobs offers - High Ropes Park Saalbach Hinterglemm","description":"Would you like to work in Austria? We offer an interesting and varied outdoor job! Accommodation available if required.","robots":{"index":"index","follow":"follow","max-snippet":"max-snippet:-1","max-image-preview":"max-image-preview:large","max-video-preview":"max-video-preview:-1"},"canonical":"https:\/\/www.hochseilpark.at\/en\/high-ropes-park-saalbach\/infos\/jobs\/","og_locale":"en_US","og_type":"article","og_title":"Jobs offers - High Ropes Park Saalbach Hinterglemm","og_description":"Would you like to work in Austria? We offer an interesting and varied outdoor job! Accommodation available if required.","og_url":"https:\/\/www.hochseilpark.at\/en\/high-ropes-park-saalbach\/infos\/jobs\/","og_site_name":"Hochseilpark","article_modified_time":"2025-03-20T16:49:37+00:00","twitter_card":"summary_large_image","twitter_misc":{"Est. reading time":"1 minute"},"schema":{"@context":"https:\/\/schema.org","@graph":[{"@type":"WebPage","@id":"https:\/\/www.hochseilpark.at\/en\/high-ropes-park-saalbach\/infos\/jobs\/","url":"https:\/\/www.hochseilpark.at\/en\/high-ropes-park-saalbach\/infos\/jobs\/","name":"Jobs offers - High Ropes Park Saalbach Hinterglemm","isPartOf":{"@id":"https:\/\/www.hochseilpark.at\/en\/#website"},"datePublished":"2023-01-18T10:57:52+00:00","dateModified":"2025-03-20T16:49:37+00:00","description":"Would you like to work in Austria? We offer an interesting and varied outdoor job! Accommodation available if required.","breadcrumb":{"@id":"https:\/\/www.hochseilpark.at\/en\/high-ropes-park-saalbach\/infos\/jobs\/#breadcrumb"},"inLanguage":"en-US","potentialAction":[{"@type":"ReadAction","target":["https:\/\/www.hochseilpark.at\/en\/high-ropes-park-saalbach\/infos\/jobs\/"]}]},{"@type":"BreadcrumbList","@id":"https:\/\/www.hochseilpark.at\/en\/high-ropes-park-saalbach\/infos\/jobs\/#breadcrumb","itemListElement":[{"@type":"ListItem","position":1,"name":"Startseite","item":"https:\/\/www.hochseilpark.at\/en\/"},{"@type":"ListItem","position":2,"name":"Allgemeine Infos &#8211; Saalbach (EN)","item":"https:\/\/www.hochseilpark.at\/en\/high-ropes-park-saalbach\/"},{"@type":"ListItem","position":3,"name":"weitere Infos Saalbach","item":"https:\/\/www.hochseilpark.at\/en\/high-ropes-park-saalbach\/infos\/"},{"@type":"ListItem","position":4,"name":"Stellenangebote"}]},{"@type":"WebSite","@id":"https:\/\/www.hochseilpark.at\/en\/#website","url":"https:\/\/www.hochseilpark.at\/en\/","name":"Hochseilpark","description":"","potentialAction":[{"@type":"SearchAction","target":{"@type":"EntryPoint","urlTemplate":"https:\/\/www.hochseilpark.at\/en\/?s={search_term_string}"},"query-input":{"@type":"PropertyValueSpecification","valueRequired":true,"valueName":"search_term_string"}}],"inLanguage":"en-US"}]}},"_links":{"self":[{"href":"https:\/\/www.hochseilpark.at\/en\/wp-json\/wp\/v2\/pages\/1052","targetHints":{"allow":["GET"]}}],"collection":[{"href":"https:\/\/www.hochseilpark.at\/en\/wp-json\/wp\/v2\/pages"}],"about":[{"href":"https:\/\/www.hochseilpark.at\/en\/wp-json\/wp\/v2\/types\/page"}],"author":[{"embeddable":true,"href":"https:\/\/www.hochseilpark.at\/en\/wp-json\/wp\/v2\/users\/1"}],"replies":[{"embeddable":true,"href":"https:\/\/www.hochseilpark.at\/en\/wp-json\/wp\/v2\/comments?post=1052"}],"version-history":[{"count":4,"href":"https:\/\/www.hochseilpark.at\/en\/wp-json\/wp\/v2\/pages\/1052\/revisions"}],"predecessor-version":[{"id":1833,"href":"https:\/\/www.hochseilpark.at\/en\/wp-json\/wp\/v2\/pages\/1052\/revisions\/1833"}],"up":[{"embeddable":true,"href":"https:\/\/www.hochseilpark.at\/en\/wp-json\/wp\/v2\/pages\/1031"}],"wp:attachment":[{"href":"https:\/\/www.hochseilpark.at\/en\/wp-json\/wp\/v2\/media?parent=1052"}],"curies":[{"name":"wp","href":"https:\/\/api.w.org\/{rel}","templated":true}]}}