{"id":1049,"date":"2023-01-18T12:01:39","date_gmt":"2023-01-18T11:01:39","guid":{"rendered":"http:\/\/wp13941888.server-he.de\/hochseilpark\/faq\/"},"modified":"2023-06-11T09:32:03","modified_gmt":"2023-06-11T07:32:03","slug":"faq","status":"publish","type":"page","link":"https:\/\/www.hochseilpark.at\/en\/high-ropes-park-saalbach\/infos\/faq\/","title":{"rendered":"FAQ"},"content":{"rendered":"<section class=\"l-section wpb_row height_auto\"><div class=\"l-section-h i-cf\"><div class=\"g-cols vc_row via_grid cols_1 laptops-cols_inherit tablets-cols_inherit mobiles-cols_1 valign_top type_default stacking_default\"><div class=\"wpb_column vc_column_container us_custom_69eaccf8 panorama has_bg_color stretched\"><div class=\"vc_column-inner\"><div class=\"w-image us_custom_81c412d0 align_none\"><div class=\"w-image-h\"><img loading=\"lazy\" decoding=\"async\" width=\"300\" height=\"121\" src=\"https:\/\/www.hochseilpark.at\/wp-content\/uploads\/saalbach2.png\" class=\"attachment-large size-large\" alt=\"\" srcset=\"https:\/\/www.hochseilpark.at\/wp-content\/uploads\/saalbach2.png 300w, https:\/\/www.hochseilpark.at\/wp-content\/uploads\/saalbach2-150x61.png 150w\" sizes=\"auto, (max-width: 300px) 100vw, 300px\" \/><\/div><\/div><\/div><\/div><\/div><\/div><\/section><section class=\"l-section wpb_row height_medium\"><div class=\"l-section-h i-cf\"><div class=\"g-cols vc_row via_grid cols_1 laptops-cols_inherit tablets-cols_inherit mobiles-cols_1 valign_top type_default stacking_default\"><div class=\"wpb_column vc_column_container\"><div class=\"vc_column-inner\"><div class=\"wpb_text_column\"><div class=\"wpb_wrapper\"><h1>FAQ<\/h1>\n<p>&nbsp;<\/p>\n<p><strong>Anmeldung<\/strong><br \/>\nF\u00fcr Einzelg\u00e4ste ist an den regul\u00e4ren \u00d6ffnungszeiten keine Anmeldung erforderlich.<\/p>\n<p><strong>Reservierungen an den \u00d6ffnungszeiten<\/strong><br \/>\nSind erst f\u00fcr Gruppen ab 10 Personen m\u00f6glich.<\/p>\n<p><strong>Reservierungen au\u00dferhalb der \u00d6ffnungszeiten<\/strong><br \/>\nAb einem Mindestumsatz, bzw. einer Mindestpauschale von Euro 450,- ist eine ganzj\u00e4hrige Terminwahl m\u00f6glich!<\/p>\n<p><strong>Betreuungsverh\u00e4ltnis bei Kinder unter 14 Jahren<\/strong><br \/>\nKinder unter 14 Jahren m\u00fcssen von einer Betreuungsperson (mind. 16 Jahre) begleitet werden (max. 3 Kinder pro Begleitperson). Sonderregelung f\u00fcr Kindergruppen und Schulklassen.<\/p>\n<p><strong>Aufenthaltsdauer<\/strong><br \/>\nPlanen sie f\u00fcr einen Aufenthalt bei uns mindestens 3 Stunden ein.<\/p>\n<p><strong>Infos f\u00fcr Kindergruppen und Schulklassen<\/strong><br \/>\nAusnahmen beim Betreuungsverh\u00e4ltnis k\u00f6nnen wir nur bei vorzeitiger Reservierung gew\u00e4hren, damit wir den erh\u00f6hten Personalbedarf entsprechend organisieren k\u00f6nnen.<\/p>\n<p><strong>Parken<\/strong><br \/>\nBitte beachte, dass man bis zum Hochseilparkgel\u00e4nde nicht mit dem Auto fahren kann.<br \/>\nVom Talschluss Parkplatz in Hinterlengau legt man die 2 Kilometer bis zum Hochseilpark, entweder zu Fu\u00df oder mit dem Talschlusszug zur\u00fcck.<br \/>\nF\u00fcr Besucher mit der Saalbach Hinterglemmer Joker Card ist der Talschlusszug gratis.<\/p>\n<p><strong>Geschenkgutscheine<\/strong><br \/>\nDiese k\u00f6nnen bei unseren jeweiligen Hochseilparks vort Ort bezogen werden, oder k\u00f6nnen \u00fcber unseren Webshop bestellt werden.<\/p>\n<\/div><\/div><\/div><\/div><\/div><\/div><\/section>\n","protected":false},"excerpt":{"rendered":"FAQ &nbsp; Anmeldung F\u00fcr Einzelg\u00e4ste ist an den regul\u00e4ren \u00d6ffnungszeiten keine Anmeldung erforderlich. Reservierungen an den \u00d6ffnungszeiten Sind erst f\u00fcr Gruppen ab 10 Personen m\u00f6glich. Reservierungen au\u00dferhalb der \u00d6ffnungszeiten Ab einem Mindestumsatz, bzw. einer Mindestpauschale von Euro 450,- ist eine ganzj\u00e4hrige Terminwahl m\u00f6glich! Betreuungsverh\u00e4ltnis bei Kinder unter 14 Jahren Kinder unter 14 Jahren m\u00fcssen von...","protected":false},"author":1,"featured_media":0,"parent":1031,"menu_order":0,"comment_status":"closed","ping_status":"closed","template":"","meta":{"footnotes":""},"class_list":["post-1049","page","type-page","status-publish","hentry"],"yoast_head":"<!-- This site is optimized with the Yoast SEO plugin v27.4 - https:\/\/yoast.com\/product\/yoast-seo-wordpress\/ -->\n<title>Questions about High Ropes Park Saalbach Hinterglemm?<\/title>\n<meta name=\"description\" content=\"What do I need to know about the high ropes course? Do I need to make a reservation? Answers and important information can be found here!\" \/>\n<meta name=\"robots\" content=\"index, follow, max-snippet:-1, max-image-preview:large, max-video-preview:-1\" \/>\n<link rel=\"canonical\" href=\"https:\/\/www.hochseilpark.at\/en\/high-ropes-park-saalbach\/infos\/faq\/\" \/>\n<meta property=\"og:locale\" content=\"en_US\" \/>\n<meta property=\"og:type\" content=\"article\" \/>\n<meta property=\"og:title\" content=\"Questions about High Ropes Park Saalbach Hinterglemm?\" \/>\n<meta property=\"og:description\" content=\"What do I need to know about the high ropes course? Do I need to make a reservation? Answers and important information can be found here!\" \/>\n<meta property=\"og:url\" content=\"https:\/\/www.hochseilpark.at\/en\/high-ropes-park-saalbach\/infos\/faq\/\" \/>\n<meta property=\"og:site_name\" content=\"Hochseilpark\" \/>\n<meta property=\"article:modified_time\" content=\"2023-06-11T07:32:03+00:00\" \/>\n<meta name=\"twitter:card\" content=\"summary_large_image\" \/>\n<meta name=\"twitter:label1\" content=\"Est. reading time\" \/>\n\t<meta name=\"twitter:data1\" content=\"2 minutes\" \/>\n<script type=\"application\/ld+json\" class=\"yoast-schema-graph\">{\"@context\":\"https:\\\/\\\/schema.org\",\"@graph\":[{\"@type\":\"WebPage\",\"@id\":\"https:\\\/\\\/www.hochseilpark.at\\\/en\\\/high-ropes-park-saalbach\\\/infos\\\/faq\\\/\",\"url\":\"https:\\\/\\\/www.hochseilpark.at\\\/en\\\/high-ropes-park-saalbach\\\/infos\\\/faq\\\/\",\"name\":\"Questions about High Ropes Park Saalbach Hinterglemm?\",\"isPartOf\":{\"@id\":\"https:\\\/\\\/www.hochseilpark.at\\\/en\\\/#website\"},\"datePublished\":\"2023-01-18T11:01:39+00:00\",\"dateModified\":\"2023-06-11T07:32:03+00:00\",\"description\":\"What do I need to know about the high ropes course? Do I need to make a reservation? Answers and important information can be found here!\",\"breadcrumb\":{\"@id\":\"https:\\\/\\\/www.hochseilpark.at\\\/en\\\/high-ropes-park-saalbach\\\/infos\\\/faq\\\/#breadcrumb\"},\"inLanguage\":\"en-US\",\"potentialAction\":[{\"@type\":\"ReadAction\",\"target\":[\"https:\\\/\\\/www.hochseilpark.at\\\/en\\\/high-ropes-park-saalbach\\\/infos\\\/faq\\\/\"]}]},{\"@type\":\"BreadcrumbList\",\"@id\":\"https:\\\/\\\/www.hochseilpark.at\\\/en\\\/high-ropes-park-saalbach\\\/infos\\\/faq\\\/#breadcrumb\",\"itemListElement\":[{\"@type\":\"ListItem\",\"position\":1,\"name\":\"Startseite\",\"item\":\"https:\\\/\\\/www.hochseilpark.at\\\/en\\\/\"},{\"@type\":\"ListItem\",\"position\":2,\"name\":\"Allgemeine Infos &#8211; Saalbach (EN)\",\"item\":\"https:\\\/\\\/www.hochseilpark.at\\\/en\\\/high-ropes-park-saalbach\\\/\"},{\"@type\":\"ListItem\",\"position\":3,\"name\":\"weitere Infos Saalbach\",\"item\":\"https:\\\/\\\/www.hochseilpark.at\\\/en\\\/high-ropes-park-saalbach\\\/infos\\\/\"},{\"@type\":\"ListItem\",\"position\":4,\"name\":\"FAQ\"}]},{\"@type\":\"WebSite\",\"@id\":\"https:\\\/\\\/www.hochseilpark.at\\\/en\\\/#website\",\"url\":\"https:\\\/\\\/www.hochseilpark.at\\\/en\\\/\",\"name\":\"Hochseilpark\",\"description\":\"\",\"potentialAction\":[{\"@type\":\"SearchAction\",\"target\":{\"@type\":\"EntryPoint\",\"urlTemplate\":\"https:\\\/\\\/www.hochseilpark.at\\\/en\\\/?s={search_term_string}\"},\"query-input\":{\"@type\":\"PropertyValueSpecification\",\"valueRequired\":true,\"valueName\":\"search_term_string\"}}],\"inLanguage\":\"en-US\"}]}<\/script>\n<!-- \/ Yoast SEO plugin. -->","yoast_head_json":{"title":"Questions about High Ropes Park Saalbach Hinterglemm?","description":"What do I need to know about the high ropes course? Do I need to make a reservation? Answers and important information can be found here!","robots":{"index":"index","follow":"follow","max-snippet":"max-snippet:-1","max-image-preview":"max-image-preview:large","max-video-preview":"max-video-preview:-1"},"canonical":"https:\/\/www.hochseilpark.at\/en\/high-ropes-park-saalbach\/infos\/faq\/","og_locale":"en_US","og_type":"article","og_title":"Questions about High Ropes Park Saalbach Hinterglemm?","og_description":"What do I need to know about the high ropes course? Do I need to make a reservation? Answers and important information can be found here!","og_url":"https:\/\/www.hochseilpark.at\/en\/high-ropes-park-saalbach\/infos\/faq\/","og_site_name":"Hochseilpark","article_modified_time":"2023-06-11T07:32:03+00:00","twitter_card":"summary_large_image","twitter_misc":{"Est. reading time":"2 minutes"},"schema":{"@context":"https:\/\/schema.org","@graph":[{"@type":"WebPage","@id":"https:\/\/www.hochseilpark.at\/en\/high-ropes-park-saalbach\/infos\/faq\/","url":"https:\/\/www.hochseilpark.at\/en\/high-ropes-park-saalbach\/infos\/faq\/","name":"Questions about High Ropes Park Saalbach Hinterglemm?","isPartOf":{"@id":"https:\/\/www.hochseilpark.at\/en\/#website"},"datePublished":"2023-01-18T11:01:39+00:00","dateModified":"2023-06-11T07:32:03+00:00","description":"What do I need to know about the high ropes course? Do I need to make a reservation? Answers and important information can be found here!","breadcrumb":{"@id":"https:\/\/www.hochseilpark.at\/en\/high-ropes-park-saalbach\/infos\/faq\/#breadcrumb"},"inLanguage":"en-US","potentialAction":[{"@type":"ReadAction","target":["https:\/\/www.hochseilpark.at\/en\/high-ropes-park-saalbach\/infos\/faq\/"]}]},{"@type":"BreadcrumbList","@id":"https:\/\/www.hochseilpark.at\/en\/high-ropes-park-saalbach\/infos\/faq\/#breadcrumb","itemListElement":[{"@type":"ListItem","position":1,"name":"Startseite","item":"https:\/\/www.hochseilpark.at\/en\/"},{"@type":"ListItem","position":2,"name":"Allgemeine Infos &#8211; Saalbach (EN)","item":"https:\/\/www.hochseilpark.at\/en\/high-ropes-park-saalbach\/"},{"@type":"ListItem","position":3,"name":"weitere Infos Saalbach","item":"https:\/\/www.hochseilpark.at\/en\/high-ropes-park-saalbach\/infos\/"},{"@type":"ListItem","position":4,"name":"FAQ"}]},{"@type":"WebSite","@id":"https:\/\/www.hochseilpark.at\/en\/#website","url":"https:\/\/www.hochseilpark.at\/en\/","name":"Hochseilpark","description":"","potentialAction":[{"@type":"SearchAction","target":{"@type":"EntryPoint","urlTemplate":"https:\/\/www.hochseilpark.at\/en\/?s={search_term_string}"},"query-input":{"@type":"PropertyValueSpecification","valueRequired":true,"valueName":"search_term_string"}}],"inLanguage":"en-US"}]}},"_links":{"self":[{"href":"https:\/\/www.hochseilpark.at\/en\/wp-json\/wp\/v2\/pages\/1049","targetHints":{"allow":["GET"]}}],"collection":[{"href":"https:\/\/www.hochseilpark.at\/en\/wp-json\/wp\/v2\/pages"}],"about":[{"href":"https:\/\/www.hochseilpark.at\/en\/wp-json\/wp\/v2\/types\/page"}],"author":[{"embeddable":true,"href":"https:\/\/www.hochseilpark.at\/en\/wp-json\/wp\/v2\/users\/1"}],"replies":[{"embeddable":true,"href":"https:\/\/www.hochseilpark.at\/en\/wp-json\/wp\/v2\/comments?post=1049"}],"version-history":[{"count":1,"href":"https:\/\/www.hochseilpark.at\/en\/wp-json\/wp\/v2\/pages\/1049\/revisions"}],"predecessor-version":[{"id":1571,"href":"https:\/\/www.hochseilpark.at\/en\/wp-json\/wp\/v2\/pages\/1049\/revisions\/1571"}],"up":[{"embeddable":true,"href":"https:\/\/www.hochseilpark.at\/en\/wp-json\/wp\/v2\/pages\/1031"}],"wp:attachment":[{"href":"https:\/\/www.hochseilpark.at\/en\/wp-json\/wp\/v2\/media?parent=1049"}],"curies":[{"name":"wp","href":"https:\/\/api.w.org\/{rel}","templated":true}]}}